{"id":227,"date":"2012-10-15T17:44:10","date_gmt":"2012-10-15T17:44:10","guid":{"rendered":"http:\/\/loovanroozendaal.nl\/?page_id=227"},"modified":"2014-08-18T12:08:42","modified_gmt":"2014-08-18T12:08:42","slug":"het-blaadje-dat-was-vergeten-dat-het-slechts-een-blaadje-was","status":"publish","type":"page","link":"http:\/\/loovanroozendaal.nl\/index.php\/nieuwe-publicaties-en-aandachtspunten\/het-blaadje-dat-was-vergeten-dat-het-slechts-een-blaadje-was\/","title":{"rendered":"Vergeet jij soms wie je bent?"},"content":{"rendered":"<div>\n<p><strong>We spreken hier over het ego en de wind van het leven!<\/strong><\/p>\n<\/div>\n<p style=\"text-align: justify;\">Ik wil je graag vertellen over een groot eikenblad dat net van de boom gevallen is.<\/p>\n<p style=\"text-align: justify;\">Het blaadje ligt daar op het gazon en is erg trots dat hij het grootste blad is dat daar ligt. De andere bladeren liggen er al wat langer en zijn bruin geworden, &#8221;verdord en droog en ik ben mooi, fris en de grootste van allemaal.&#8221;<\/p>\n<p style=\"text-align: justify;\">Dan begint het zachtjes te waaien en \u00e9\u00e9n voor \u00e9\u00e9n gaan de kleinere \u00a0droge blaadjes om hem heen bewegen en waaien weg. &#8221;O God, ik moet ook gaan bewegen, maar het lukt me niet.&#8221; &#8221;Iedereen gaat nu naar die zandwal aan het einde van het gazon en ik blijf hier alleen achter, het lukt mij niet.&#8221;<\/p>\n<p style=\"text-align: justify;\">Hij gaat zijn uiterste best doen om ook te bewegen, maar de wind waait niet hard genoeg om het blad te bewegen. Het eikenblad voelt zich erg ongelukkig en kan niet meer slapen. Hij is alleen nog maar bezig om in beweging te komen, tevergeefs.<\/p>\n<p style=\"text-align: justify;\">Dan begint het na een tijdje harder te waaien en langzaam dwarrelt het grote eikenblad ook mee met de wind.&#8221;Ja, ja het lukt me!&#8221; &#8221;Maar goed dat ik zo mijn best heb gedaan, anders was het me nooit gelukt om ook weg te waaien.&#8221; &#8221;Het kost wel veel moeite maar het is me dan uiteindelijk toch gelukt, Pfff.&#8221;<\/p>\n<div>\n<p style=\"text-align: justify;\">Zijn wij, soms niet precies zoals dit blaadje, die echt alleen zijn eigen omgeving kan ervaren?<\/p>\n<p style=\"text-align: justify;\">Zo vergeten wij dat er grotere krachten werkzaam zijn op ons, die bepalen waar we heen geleid worden. Dit is onze\u00a0beleving vanuit onze\u00a0simpele manier van waarnemen, die denkt dat hij het geheel bepaalt.<\/p>\n<p style=\"text-align: justify;\">Maar is dit wel zo? Is dit wijsheid of\u00a0 onwetendheid?<\/p>\n<p style=\"text-align: justify;\">Dit is in elk geval het verhaal over controle die wij als\u00a0mensen denken te hebben.<\/p>\n<p style=\"text-align: justify;\">Is alles wellicht voorbestemd, destiny?<\/p>\n<\/div>\n<p><a href=\"http:\/\/www.loovanroozendaal.nl\">www.loovanroozendaal.nl<\/a><\/p>\n<p>&nbsp;<\/p>\n<p>&nbsp;<\/p>\n","protected":false},"excerpt":{"rendered":"<p>We spreken hier over het ego en de wind van het leven! Ik wil je graag vertellen over een groot eikenblad dat net van de boom gevallen is. Het blaadje ligt daar op het gazon en is erg trots dat<\/p>\n","protected":false},"author":1,"featured_media":688,"parent":192,"menu_order":0,"comment_status":"closed","ping_status":"open","template":"","meta":[],"yoast_head":"<!-- This site is optimized with the Yoast SEO plugin v15.5 - https:\/\/yoast.com\/wordpress\/plugins\/seo\/ -->\n<title>Vergeet jij soms wie je bent? - Centrum Oosterse &amp; Westerse Geneeswijzen<\/title>\n<meta name=\"robots\" content=\"index, follow, max-snippet:-1, max-image-preview:large, max-video-preview:-1\" \/>\n<link rel=\"canonical\" href=\"http:\/\/loovanroozendaal.nl\/index.php\/nieuwe-publicaties-en-aandachtspunten\/het-blaadje-dat-was-vergeten-dat-het-slechts-een-blaadje-was\/\" \/>\n<meta property=\"og:locale\" content=\"nl_NL\" \/>\n<meta property=\"og:type\" content=\"article\" \/>\n<meta property=\"og:title\" content=\"Vergeet jij soms wie je bent? - Centrum Oosterse &amp; Westerse Geneeswijzen\" \/>\n<meta property=\"og:description\" content=\"We spreken hier over het ego en de wind van het leven! Ik wil je graag vertellen over een groot eikenblad dat net van de boom gevallen is. Het blaadje ligt daar op het gazon en is erg trots dat\" \/>\n<meta property=\"og:url\" content=\"http:\/\/loovanroozendaal.nl\/index.php\/nieuwe-publicaties-en-aandachtspunten\/het-blaadje-dat-was-vergeten-dat-het-slechts-een-blaadje-was\/\" \/>\n<meta property=\"og:site_name\" content=\"Centrum Oosterse &amp; Westerse Geneeswijzen\" \/>\n<meta property=\"article:modified_time\" content=\"2014-08-18T12:08:42+00:00\" \/>\n<meta property=\"og:image\" content=\"http:\/\/loovanroozendaal.nl\/wp-content\/uploads\/2012\/10\/blaadje-loo-e1408275997466.jpg\" \/>\n\t<meta property=\"og:image:width\" content=\"256\" \/>\n\t<meta property=\"og:image:height\" content=\"192\" \/>\n<meta name=\"twitter:label1\" content=\"Geschatte leestijd\">\n\t<meta name=\"twitter:data1\" content=\"1 minuut\">\n<script type=\"application\/ld+json\" class=\"yoast-schema-graph\">{\"@context\":\"https:\/\/schema.org\",\"@graph\":[{\"@type\":\"WebSite\",\"@id\":\"http:\/\/loovanroozendaal.nl\/#website\",\"url\":\"http:\/\/loovanroozendaal.nl\/\",\"name\":\"Centrum Oosterse &amp; Westerse Geneeswijzen\",\"description\":\"Loo van Roozendaal\",\"potentialAction\":[{\"@type\":\"SearchAction\",\"target\":\"http:\/\/loovanroozendaal.nl\/?s={search_term_string}\",\"query-input\":\"required name=search_term_string\"}],\"inLanguage\":\"nl\"},{\"@type\":\"ImageObject\",\"@id\":\"http:\/\/loovanroozendaal.nl\/index.php\/nieuwe-publicaties-en-aandachtspunten\/het-blaadje-dat-was-vergeten-dat-het-slechts-een-blaadje-was\/#primaryimage\",\"inLanguage\":\"nl\",\"url\":\"http:\/\/loovanroozendaal.nl\/wp-content\/uploads\/2012\/10\/blaadje-loo-e1408275997466.jpg\",\"width\":256,\"height\":192},{\"@type\":\"WebPage\",\"@id\":\"http:\/\/loovanroozendaal.nl\/index.php\/nieuwe-publicaties-en-aandachtspunten\/het-blaadje-dat-was-vergeten-dat-het-slechts-een-blaadje-was\/#webpage\",\"url\":\"http:\/\/loovanroozendaal.nl\/index.php\/nieuwe-publicaties-en-aandachtspunten\/het-blaadje-dat-was-vergeten-dat-het-slechts-een-blaadje-was\/\",\"name\":\"Vergeet jij soms wie je bent? - Centrum Oosterse &amp; Westerse Geneeswijzen\",\"isPartOf\":{\"@id\":\"http:\/\/loovanroozendaal.nl\/#website\"},\"primaryImageOfPage\":{\"@id\":\"http:\/\/loovanroozendaal.nl\/index.php\/nieuwe-publicaties-en-aandachtspunten\/het-blaadje-dat-was-vergeten-dat-het-slechts-een-blaadje-was\/#primaryimage\"},\"datePublished\":\"2012-10-15T17:44:10+00:00\",\"dateModified\":\"2014-08-18T12:08:42+00:00\",\"inLanguage\":\"nl\",\"potentialAction\":[{\"@type\":\"ReadAction\",\"target\":[\"http:\/\/loovanroozendaal.nl\/index.php\/nieuwe-publicaties-en-aandachtspunten\/het-blaadje-dat-was-vergeten-dat-het-slechts-een-blaadje-was\/\"]}]}]}<\/script>\n<!-- \/ Yoast SEO plugin. -->","_links":{"self":[{"href":"http:\/\/loovanroozendaal.nl\/index.php\/wp-json\/wp\/v2\/pages\/227"}],"collection":[{"href":"http:\/\/loovanroozendaal.nl\/index.php\/wp-json\/wp\/v2\/pages"}],"about":[{"href":"http:\/\/loovanroozendaal.nl\/index.php\/wp-json\/wp\/v2\/types\/page"}],"author":[{"embeddable":true,"href":"http:\/\/loovanroozendaal.nl\/index.php\/wp-json\/wp\/v2\/users\/1"}],"replies":[{"embeddable":true,"href":"http:\/\/loovanroozendaal.nl\/index.php\/wp-json\/wp\/v2\/comments?post=227"}],"version-history":[{"count":14,"href":"http:\/\/loovanroozendaal.nl\/index.php\/wp-json\/wp\/v2\/pages\/227\/revisions"}],"predecessor-version":[{"id":692,"href":"http:\/\/loovanroozendaal.nl\/index.php\/wp-json\/wp\/v2\/pages\/227\/revisions\/692"}],"up":[{"embeddable":true,"href":"http:\/\/loovanroozendaal.nl\/index.php\/wp-json\/wp\/v2\/pages\/192"}],"wp:featuredmedia":[{"embeddable":true,"href":"http:\/\/loovanroozendaal.nl\/index.php\/wp-json\/wp\/v2\/media\/688"}],"wp:attachment":[{"href":"http:\/\/loovanroozendaal.nl\/index.php\/wp-json\/wp\/v2\/media?parent=227"}],"curies":[{"name":"wp","href":"https:\/\/api.w.org\/{rel}","templated":true}]}}